{"id":281,"date":"2021-05-10T20:36:59","date_gmt":"2021-05-10T18:36:59","guid":{"rendered":"https:\/\/spd-rheinhausen-mitte.de\/willkommen\/?page_id=281"},"modified":"2021-05-10T20:36:59","modified_gmt":"2021-05-10T18:36:59","slug":"beschluesse","status":"publish","type":"page","link":"https:\/\/spd-rheinhausen-mitte.de\/willkommen\/beschluesse\/","title":{"rendered":"Beschl\u00fcsse"},"content":{"rendered":"\n<p>Ein gro\u00dfer Teil der Arbeit in einem Ortsverein nehmen Beschl\u00fcsse und Antr\u00e4ge ein.<br>Manche davon nehmen wenig Zeit in Anspruch, manche ziehen sich \u00fcber Jahre durch die Parteiarbeit.<br>Um einen Eindruck davon zu bekommen, welche Beschl\u00fcsse und Antr\u00e4ge durch den Ortsverein Rheinhausen-Mitte erarbeitet und erk\u00e4mpft wurden,<br>haben wir hier eine Auswahl bereitgestellt.<\/p>\n","protected":false},"excerpt":{"rendered":"<p>Ein gro\u00dfer Teil der Arbeit in einem Ortsverein nehmen Beschl\u00fcsse und Antr\u00e4ge ein.Manche davon nehmen wenig Zeit in Anspruch, manche<\/p>\n","protected":false},"author":1,"featured_media":0,"parent":0,"menu_order":0,"comment_status":"closed","ping_status":"closed","template":"","meta":{"colormag_page_container_layout":"default_layout","colormag_page_sidebar_layout":"default_layout","footnotes":""},"class_list":["post-281","page","type-page","status-publish","hentry"],"_links":{"self":[{"href":"https:\/\/spd-rheinhausen-mitte.de\/willkommen\/wp-json\/wp\/v2\/pages\/281","targetHints":{"allow":["GET"]}}],"collection":[{"href":"https:\/\/spd-rheinhausen-mitte.de\/willkommen\/wp-json\/wp\/v2\/pages"}],"about":[{"href":"https:\/\/spd-rheinhausen-mitte.de\/willkommen\/wp-json\/wp\/v2\/types\/page"}],"author":[{"embeddable":true,"href":"https:\/\/spd-rheinhausen-mitte.de\/willkommen\/wp-json\/wp\/v2\/users\/1"}],"replies":[{"embeddable":true,"href":"https:\/\/spd-rheinhausen-mitte.de\/willkommen\/wp-json\/wp\/v2\/comments?post=281"}],"version-history":[{"count":1,"href":"https:\/\/spd-rheinhausen-mitte.de\/willkommen\/wp-json\/wp\/v2\/pages\/281\/revisions"}],"predecessor-version":[{"id":282,"href":"https:\/\/spd-rheinhausen-mitte.de\/willkommen\/wp-json\/wp\/v2\/pages\/281\/revisions\/282"}],"wp:attachment":[{"href":"https:\/\/spd-rheinhausen-mitte.de\/willkommen\/wp-json\/wp\/v2\/media?parent=281"}],"curies":[{"name":"wp","href":"https:\/\/api.w.org\/{rel}","templated":true}]}}