{"id":43,"date":"2014-07-18T12:42:24","date_gmt":"2014-07-18T10:42:24","guid":{"rendered":"https:\/\/spd-rheinhausen-mitte.de\/?page_id=43"},"modified":"2019-10-10T21:48:35","modified_gmt":"2019-10-10T19:48:35","slug":"datenschutzerklaerung","status":"publish","type":"page","link":"https:\/\/spd-rheinhausen-mitte.de\/willkommen\/datenschutzerklaerung\/","title":{"rendered":"Datenschutzerkl\u00e4rung"},"content":{"rendered":"\n<p>Verantwortlicher gem. Art. 4 Abs. 7 EU-Datenschutz-Grundverordnung<br>(DS-GVO) ist der SPD-Ortsvereinsvorstand  (siehe unser\u00a0<a href=\"https:\/\/spd-rheinhausen-mitte.de\/impressum\">Impressum<\/a>).<br><\/p>\n\n\n\n<p>Den f\u00fcr dieses Online-Angebot zust\u00e4ndigen Datenschutzbeauftragten k\u00f6nnen Sie wie folgt erreichen:  E-Mail: Datenschutz-NRW@spd.de <\/p>\n\n\n\n<p><\/p>\n\n\n\n<p>Bei Ihrer Kontaktaufnahme mit uns per E-Mail werden die von Ihnen mitgeteilten Daten (Ihre E-Mail-Adresse, ggf. Ihr Name und Ihre Telefonnummer) von uns gespeichert, um Ihre Fragen zu beantworten. Die in diesem Zusammenhang anfallenden Daten l\u00f6schen wir, nachdem die Speicherung nicht mehr erforderlich ist, oder schr\u00e4nken die Verarbeitung ein, falls gesetzliche Aufbewahrungspflichten bestehen.<\/p>\n\n\n\n<p>Personenbezogene Daten werden beim Besuch der Webseite weder erhoben, noch ausgewertet \u2013 es erfolgt kein Tracking, keine Analyse und keine Verwendung von Cookies.<\/p>\n\n\n\n<p>Zugriffsdaten beim Provider entstehen, um sicherzustellen das die Systeme funktionieren (Art. 6 Abs. 1 S. 1 lit. f DS-GVO).<\/p>\n\n\n\n<p>Diese Zugriffsdaten k\u00f6nnen sein:<\/p>\n\n\n\n<table class=\"wp-block-table has-fixed-layout\"><thead><tr><th>Was passiert mit den Daten?<\/th><th>Details<\/th><\/tr><\/thead><tbody><tr><td>01. Wer?<\/td><td>IP-Adresse Ihres Clients und<br>Ihr Internetprovider<\/td><\/tr><tr><td>02. Was?<\/td><td>Diese Webseite (URL)<\/td><\/tr><tr><td>03. Wann?<\/td><td>Zeitstempel: Datum und Uhrzeit<br>der Anfrage, Zeitzonendifferenz<br>zur Greenwich Mean Time (GMT)<\/td><\/tr><tr><td>04. Erfolgreich?<\/td><td>Zugriffsstatus: unsere Seite konnte<br>zu Ihnen \u00fcbertragen werden oder<br>sie wurde nicht gefunden,<br>Datenmenge<\/td><\/tr><tr><td>05. Womit?<\/td><td>Ihr Browser (Sprache, Version),<br>Betriebssystem, Oberfl\u00e4che<\/td><\/tr><\/tbody><\/table>\n\n\n\n<p>Ihre Rechte bez\u00fcglich Ihrer personenbezogenen Daten:<\/p>\n\n\n\n<ul class=\"wp-block-list\"><li>Recht auf Auskunft,<\/li><li>Recht auf Berichtigung oder L\u00f6schung,<\/li><li>Recht auf Einschr\u00e4nkung der Verarbeitung,<\/li><li>Recht auf Widerspruch gegen die Verarbeitung,<\/li><li>Recht auf Daten\u00fcbertragbarkeit.<\/li><\/ul>\n\n\n\n<p>Sie haben zudem das Recht, sich bei einer Datenschutz-Aufsichtsbeh\u00f6rde \u00fcber die Verarbeitung Ihrer personenbezogenen Daten durch uns zu beschweren.<\/p>\n","protected":false},"excerpt":{"rendered":"<p>Verantwortlicher gem. Art. 4 Abs. 7 EU-Datenschutz-Grundverordnung(DS-GVO) ist der SPD-Ortsvereinsvorstand (siehe unser\u00a0Impressum). Den f\u00fcr dieses Online-Angebot zust\u00e4ndigen Datenschutzbeauftragten k\u00f6nnen Sie<\/p>\n","protected":false},"author":1,"featured_media":0,"parent":0,"menu_order":0,"comment_status":"closed","ping_status":"closed","template":"","meta":{"colormag_page_container_layout":"default_layout","colormag_page_sidebar_layout":"default_layout","footnotes":""},"class_list":["post-43","page","type-page","status-publish","hentry"],"_links":{"self":[{"href":"https:\/\/spd-rheinhausen-mitte.de\/willkommen\/wp-json\/wp\/v2\/pages\/43","targetHints":{"allow":["GET"]}}],"collection":[{"href":"https:\/\/spd-rheinhausen-mitte.de\/willkommen\/wp-json\/wp\/v2\/pages"}],"about":[{"href":"https:\/\/spd-rheinhausen-mitte.de\/willkommen\/wp-json\/wp\/v2\/types\/page"}],"author":[{"embeddable":true,"href":"https:\/\/spd-rheinhausen-mitte.de\/willkommen\/wp-json\/wp\/v2\/users\/1"}],"replies":[{"embeddable":true,"href":"https:\/\/spd-rheinhausen-mitte.de\/willkommen\/wp-json\/wp\/v2\/comments?post=43"}],"version-history":[{"count":2,"href":"https:\/\/spd-rheinhausen-mitte.de\/willkommen\/wp-json\/wp\/v2\/pages\/43\/revisions"}],"predecessor-version":[{"id":110,"href":"https:\/\/spd-rheinhausen-mitte.de\/willkommen\/wp-json\/wp\/v2\/pages\/43\/revisions\/110"}],"wp:attachment":[{"href":"https:\/\/spd-rheinhausen-mitte.de\/willkommen\/wp-json\/wp\/v2\/media?parent=43"}],"curies":[{"name":"wp","href":"https:\/\/api.w.org\/{rel}","templated":true}]}}