{"id":78,"date":"2021-05-12T12:42:00","date_gmt":"2021-05-12T10:42:00","guid":{"rendered":"https:\/\/spd-rheinhausen-mitte.de\/?page_id=78"},"modified":"2026-01-15T13:44:54","modified_gmt":"2026-01-15T12:44:54","slug":"herzlich-willkommen","status":"publish","type":"page","link":"https:\/\/spd-rheinhausen-mitte.de\/willkommen\/","title":{"rendered":"Willkommen"},"content":{"rendered":"\n<p>Liebe Mitb\u00fcrgerinnen, liebe Mitb\u00fcrger,<\/p>\n\n\n\n<p>ich begr\u00fc\u00dfe Sie an dieser Stelle sehr herzlich auf der Webseite des<br>SPD-Ortsvereins Rheinhausen-Mitte. Ein gro\u00dfes Dankesch\u00f6n geht<br>insbesondere auch an alle, die uns bei der letzten Kommunalwahl ihr Vertrauen<br>geschenkt haben, sowie alle Genossinnen, Genossen, ehrenamtlichen<br>Helferinnen und Helfern, die sich mit gro\u00dfem Engagement f\u00fcr den Aufbruch<br>in eine lebenswerte Zukunft stark gemacht haben.<\/p>\n\n\n\n<p>Wir m\u00f6chten Ihnen hier unsere politische Arbeit n\u00e4her bringen und Sie<br>\u00fcber Aktionen und Veranstaltungen informieren. Wir verstehen uns als<br>Ansprechpartner f\u00fcr alle B\u00fcrgerinnen und B\u00fcrger \u2013 das gilt f\u00fcr die<br>Mitglieder des Ortsvereinsvorstandes ebenso wie f\u00fcr unsere Mandatstr\u00e4ger<br>aus Rat und Bezirk. Wir sind f\u00fcr Sie da!<\/p>\n\n\n\n<p>Politik in einem demokratischen Gemeinwesen lebt davon, dass sich<br>Menschen einbringen und mitmachen! Anregungen und Hinweise nehmen wir<br>gerne entgegen, und Fragen versuchen wir nach besten Kr\u00e4ften zu<br>beantworten. Z\u00f6gern Sie nicht, uns anzusprechen \u2013 entweder digital hier<br>oder gerne auch im offenen Gespr\u00e4ch!<\/p>\n\n\n\n<p>Wir sind f\u00fcr Sie wieder jeden 1. Samstag des Monats auf dem Rheinhauser Markt verf\u00fcgbar.<\/p>\n\n\n\n<p>Herzliche Gr\u00fc\u00dfe<\/p>\n\n\n\n<p>Ihr Ortsverein Rheinhausen Mitte<br>Dirk Smacznay<br>Ortsvereinsvorsitzender<\/p>\n\n\n\n<p><\/p>\n\n\n\n<p>Hier geht es zum <a href=\"https:\/\/spd-rheinhausen.de\">BeRuMi<\/a> &#8211; dem Zusammenschluss der Ortsvereine Bergheim, Rumeln und Rheinhausen-Mitte. Wer sich f\u00fcr die Arbeit der Ratsfraktion der SPD Duisburg interessiert, kann hier den regelm\u00e4\u00dfigen <a href=\"https:\/\/spd-ratsfraktion.de\/category\/startseite\/\" target=\"_blank\" rel=\"noreferrer noopener\">INFO-BRIEF<\/a>  der Fraktion einsehen bzw. als Newsletter abonnieren.<\/p>\n\n\n\n<p><\/p>\n","protected":false},"excerpt":{"rendered":"<p>Liebe Mitb\u00fcrgerinnen, liebe Mitb\u00fcrger, ich begr\u00fc\u00dfe Sie an dieser Stelle sehr herzlich auf der Webseite desSPD-Ortsvereins Rheinhausen-Mitte. Ein gro\u00dfes Dankesch\u00f6n<\/p>\n","protected":false},"author":1,"featured_media":0,"parent":0,"menu_order":0,"comment_status":"closed","ping_status":"closed","template":"","meta":{"colormag_page_container_layout":"default_layout","colormag_page_sidebar_layout":"default_layout","footnotes":""},"class_list":["post-78","page","type-page","status-publish","hentry"],"_links":{"self":[{"href":"https:\/\/spd-rheinhausen-mitte.de\/willkommen\/wp-json\/wp\/v2\/pages\/78","targetHints":{"allow":["GET"]}}],"collection":[{"href":"https:\/\/spd-rheinhausen-mitte.de\/willkommen\/wp-json\/wp\/v2\/pages"}],"about":[{"href":"https:\/\/spd-rheinhausen-mitte.de\/willkommen\/wp-json\/wp\/v2\/types\/page"}],"author":[{"embeddable":true,"href":"https:\/\/spd-rheinhausen-mitte.de\/willkommen\/wp-json\/wp\/v2\/users\/1"}],"replies":[{"embeddable":true,"href":"https:\/\/spd-rheinhausen-mitte.de\/willkommen\/wp-json\/wp\/v2\/comments?post=78"}],"version-history":[{"count":18,"href":"https:\/\/spd-rheinhausen-mitte.de\/willkommen\/wp-json\/wp\/v2\/pages\/78\/revisions"}],"predecessor-version":[{"id":742,"href":"https:\/\/spd-rheinhausen-mitte.de\/willkommen\/wp-json\/wp\/v2\/pages\/78\/revisions\/742"}],"wp:attachment":[{"href":"https:\/\/spd-rheinhausen-mitte.de\/willkommen\/wp-json\/wp\/v2\/media?parent=78"}],"curies":[{"name":"wp","href":"https:\/\/api.w.org\/{rel}","templated":true}]}}